{"id":118281,"date":"2024-05-31T00:00:00","date_gmt":"2024-05-30T22:00:00","guid":{"rendered":"https:\/\/www.stellenanzeigen.de\/careeasy\/?page_id=118281"},"modified":"2024-05-28T14:44:44","modified_gmt":"2024-05-28T12:44:44","slug":"teilnahmebedingungen-esgehtumdich","status":"publish","type":"page","link":"https:\/\/careeasy.prod.tenhil.io\/careeasy\/teilnahmebedingungen-esgehtumdich\/","title":{"rendered":"Teilnahmebedingungen #esgehtumdich"},"content":{"rendered":"\n<p>F\u00fcr die Teilnahme an der Kampagne #esgehtumdich (\u201eGewinnspiel\u201c) gelten die folgenden Teilnahmebedingungen:<\/p>\n\n\n\n<p><strong>1. Veranstalter<\/strong><\/p>\n\n\n\n<p>1.1 Veranstalter des Gewinnspiels ist stellenanzeigen.de GmbH &amp; Co. KG in M\u00fcnchen, Welfenstr. 22, 81541 M\u00fcnchen (im Folgenden \u201estellenanzeigen.de\u201c genannt), <a href=\"mailto:info@stellenanzeigen.de\" target=\"_blank\" rel=\"noreferrer noopener\">info@stellenanzeigen.de<\/a>&nbsp;<\/p>\n\n\n\n<p><strong>2. Teilnahme<\/strong><\/p>\n\n\n\n<p>2.1 Zur Teilnahme sind folgende Schritte je nach Channel erforderlich:<\/p>\n\n\n\n<ul>\n<li>Instagram: Erstellung einer Story oder eines Feed-Beitrags, Verlinkung des @stellenanzeigende&nbsp;Instagram Channels und nennen des Hashtags #esgehtumdich und Markieren einer weiteren Person<\/li>\n\n\n\n<li>LinkedIn: Erstellung eines Beitrags, Verlinkung des @stellenanzeigen.de GmbH &amp; Co. KG LinkedIn Channels, Nennen des Hashtags #esgehtumdich und Nominieren einer weiteren Person<\/li>\n<\/ul>\n\n\n\n<p>2.2 Teilnahmeberechtigt sind Personen \u00fcber 18 Jahre, die ihren Wohnsitz in Deutschland haben. Jeder Teilnehmer ist f\u00fcr die Richtigkeit seiner Daten selbst verantwortlich. Die Teilnahme ist nur im eigenen Namen m\u00f6glich. Mitarbeiter von stellenanzeigen.de und weitere mit TENHIL verbundene Unternehmen sowie Mitarbeiter von TENHIL selbst und s\u00e4mtliche an der Entwicklung\/Durchf\u00fchrung des Gewinnspiels beteiligten Personen (z.B. Agenturen, Berater, Lieferanten) sowie deren jeweilige Familien- und Haushaltsmitglieder sind von der Teilnahme ausgeschlossen. Influencer, die keine Gegenleistung f\u00fcr ihren Beitrag auf Social Media erhalten, sind teilnahmeberechtigt. Zu beachten ist, dass die Teilnahme nur bei einem \u00f6ffentlich sichtbaren Profil m\u00f6glich ist.<\/p>\n\n\n\n<p>2.3 stellenanzeigen.de ist berechtigt, Teilnehmer vom Gewinnspiel auszuschlie\u00dfen, die den Teilnahmevorgang, den Ablauf oder die Internetseite manipulieren bzw. dieses versuchen oder gegen die Teilnahmebedingungen oder gegen die guten Sitten versto\u00dfen oder sonst in unfairer bzw. unlauterer Weise versuchen, das Gewinnspiel zu beeinflussen. Die Teilnahme \u00fcber Gewinnspielvereine, automatisierte Dienste und \u00fcber einen professionellen Gewinnspielservice ist nicht m\u00f6glich.<\/p>\n\n\n\n<p>2.4 Die Teilnahme an dem Gewinnspiel ist kostenlos und freiwillig. Weder die Teilnahme am Gewinnspiel noch die Gewinnchance ist vom Kauf einer Ware, Dienstleistung oder Bestellung eines Newsletters abh\u00e4ngig. Das Gewinnspiel steht zudem in keiner Verbindung zu LinkedIn oder Instagram und wird in keiner Weise von LinkedIn oder Instagram unterst\u00fctzt, gesponsert oder organisiert. stellenanzeigen.de haftet nicht f\u00fcr etwaige rechtliche Konsequenzen beim Bewerben dieses Gewinnspiels auf LinkedIn oder Instagram, noch f\u00fcr die Teilnahme an dem Gewinnspiel.<\/p>\n\n\n\n<p>2.5 Alle Teilnehmer, die zwischen dem 03.06.2024 und einschlie\u00dflich dem 30.06.2024\u202fdie unter Ziffer 2.1 genannten Schritte t\u00e4tigen, nehmen am Gewinnspiel teil, sofern sie nicht gem\u00e4\u00df Ziffer 2.3 ausgeschlossen werden. Jeder Beitrag auf einem sozialen Kanal wird als eine separate Teilnahme gewertet.<\/p>\n\n\n\n<p>2.6 Unter allen Teilnehmern wird einmal ein Preisgeld von 10.000 EUR verlost, welches im Anschluss an den Kampagnenzeitraum bis sp\u00e4testens Ende des Monats Juli 2024 auf das Konto des Gewinners von stellenanzeigen.de \u00fcberwiesen wird. Das Preisgeld wird von stellenanzeigen.de pauschalversteuert. &nbsp;<br>Zus\u00e4tzlich werden unter allen Teilnehmern, die nicht das Preisgeld von 10.000 EUR gewonnen haben, \u00dcberraschungsboxen mit Merchandise-Artikeln von stellenanzeigen.de verlost. &nbsp;<\/p>\n\n\n\n<p>2.7 Mit der Teilnahme am Gewinnspiel willigt der Teilnehmer ausdr\u00fccklich ein, dass im Falle eines Gewinnes ggfs. Name, die Tatsache und die Art des Gewinnes auf den sozialen Kan\u00e4len (Instagram, LinkedIn) im Rahmen einer Berichterstattung genannt und \u00fcber die Aktion berichtet wird. Diese Einwilligung ist bis zur Ver\u00f6ffentlichung der Namen frei widerruflich. Hierzu gen\u00fcgt eine E-Mail an <a href=\"mailto:marketing@stellenanzeigen.de\" target=\"_blank\" rel=\"noreferrer noopener\">marketing@stellenanzeigen.de<\/a> mit dem Stichwort \u201eGewinnerdaten #esgehtumdich\u201d und dem Namen. Der Widerruf f\u00fchrt jedoch zum Ausschluss von der weiteren Gewinnspielteilnahme. Rechtsgrundlage ist Art. 6 Abs. 1 a) DSGVO.&nbsp;<\/p>\n\n\n\n<p><strong>3. Durchf\u00fchrung des Gewinnspiels<\/strong><\/p>\n\n\n\n<p>3.1 Jeder Teilnehmer erstellt einen Beitrag gem\u00e4\u00df Ziffer 2.1 und nimmt dadurch an dem Gewinnspiel teil. stellenanzeigen.de lost zuf\u00e4llig einen Gewinner unter den Beitr\u00e4gen aus. Hat ein Teilnehmer gewonnen, erh\u00e4lt er eine Gewinnmitteilung per direkter Nachricht bei einem der Channels (Instagram, LinkedIn). Um den Gewinn zu erhalten, muss der Gewinner auf die Gewinnmitteilung innerhalb von 5 Werktagen geantwortet haben. Die R\u00fcckmeldung kann hierbei ebenfalls direkt per direkter Nachricht erfolgen. Die R\u00fcckantwort muss die Best\u00e4tigung der Annahme des Gewinns und die Nennung einer EU-Bankverbindung beinhalten. Erfolgt die R\u00fcckmeldung nicht oder nicht rechtzeitig, verf\u00e4llt der Anspruch auf den Gewinn ersatzlos.&nbsp;<\/p>\n\n\n\n<p><strong>4. Haftung<\/strong><\/p>\n\n\n\n<p>4.1 Die Haftung von stellenanzeigen.de f\u00fcr leicht fahrl\u00e4ssige Pflichtverletzungen wird ausgeschlossen mit Ausnahme der Verletzung wesentlicher Vertragspflichten (sogenannter Kardinalpflichten, d.h. solche Pflichten, deren Erf\u00fcllung die ordnungsgem\u00e4\u00dfe Durchf\u00fchrung des Vertrages \u00fcberhaupt erst erm\u00f6glichen und auf deren Einhaltung die andere Partei regelm\u00e4\u00dfig vertrauen darf) und der Verletzung von Leben, Gesundheit und K\u00f6rper einer Person. Die Haftung von stellenanzeigen.de beschr\u00e4nkt sich dabei auf den Ausgleich des nach der Art der jeweiligen Leistung vorhersehbaren, vertragstypischen und unmittelbaren Schadens.&nbsp;<\/p>\n\n\n\n<p>4.2 Ist der Gewinn mit einem Rechtsmangel behaftet, so ist stellenanzeigen.de nur dann verpflichtet, dem Gewinner den daraus entstehenden Schaden zu ersetzen, wenn stellenanzeigen.de diesen Mangel arglistig verschwiegen hat.&nbsp;<\/p>\n\n\n\n<p>4.3 Dar\u00fcber hinaus hat der Gewinner keine weitergehenden Rechte wegen Sach- oder Rechtsm\u00e4ngeln an dem Gewinn oder Anspruch auf Schadensersatz.<\/p>\n\n\n\n<p><strong>5. Vorzeitige Beendigung des Gewinnspiels<\/strong><\/p>\n\n\n\n<p>5.1 stellenanzeigen.de beh\u00e4lt sich das Recht vor, das Gewinnspiel jederzeit zu unterbrechen oder vorzeitig zu beenden, des weiteren, die Teilnahmebedingungen anzupassen oder zu \u00e4ndern. Dazu bedarf es keiner vorherigen Benachrichtigung oder Zustimmung. Dies gilt insbesondere, wenn aus technischen Gr\u00fcnden (z. B. Viren im Computersystem, Manipulation oder Fehler in der Hard- und\/oder Software) oder aus rechtlichen Gr\u00fcnden eine ordnungsgem\u00e4\u00dfe Durchf\u00fchrung des Gewinnspiels nicht gew\u00e4hrleistet werden kann.&nbsp;<\/p>\n\n\n\n<p>5.2 Erf\u00fcllungs- und Schadensersatzanspr\u00fcche des Teilnehmers bei vorzeitiger Beendigung des Gewinnspiels nach Ziffer 5.1 sind im Rahmen der Regelung der Ziffer 4.1 ausgeschlossen.&nbsp;<\/p>\n\n\n\n<p><strong>6. Datenschutz<\/strong><\/p>\n\n\n\n<p>6.1 Verantwortlich im Sinne des \u00a74 Nr. 7 DS-GVO ist die stellenanzeigen.de GmbH &amp; Co. KG in M\u00fcnchen, Welfenstr. 22, 81541 M\u00fcnchen. Die Kontaktdaten des Datenschutzbeauftragten nach Art. 37 Abs. 7 EU-DSGVO lauten datenschutz@stellenanzeigen.de<\/p>\n\n\n\n<p>stellenanzeigen.de erhebt, verarbeitet und nutzt als verantwortliche Stelle im Sinne des deutschen Bundesdatenschutzgesetzes alle im Rahmen der #ichkannsogar Kampagne an stellenanzeigen.de mitgeteilten personenbezogenen Daten stets im Einklang mit den anwendbaren datenschutzrechtlichen Bestimmungen. Personenbezogene Daten sind die folgenden von Ihnen im Rahmen des Gewinnspiels angegebenen Daten: Vor- und Zuname, Bankverbindung.&nbsp;<br>stellenanzeigen.de gibt diese personenbezogenen Daten nicht an Dritte weiter. Hiervon ausgenommen sind die stellenanzeigen.de bei der Durchf\u00fchrung dieses Gewinnspiels unterst\u00fctzenden, in Deutschland ans\u00e4ssigen Dienstleistungsunternehmen (\u201eAuftragsdatenverarbeiter\u201c), die ebenfalls verpflichtet sind, sich entsprechend den geltenden Gesetzen zu verhalten. Die Erhebung, Verarbeitung und Nutzung Ihrer Daten dient ausschlie\u00dflich dem Zweck der Durchf\u00fchrung des Gewinnspiels.&nbsp;<\/p>\n\n\n\n<p>6.2 Sie haben das gesetzliche Recht auf unentgeltliche Auskunft, Berichtigung, Sperrung oder L\u00f6schung dieser personenbezogenen Daten. Um Ihre genannten Rechte geltend zu machen, wenden Sie sich bitte an: <a href=\"mailto:datenschutz@stellenanzeigen.de\" target=\"_blank\" rel=\"noreferrer noopener\">datenschutz@stellenanzeigen.de<\/a>&nbsp;<\/p>\n\n\n\n<p>6.3 Ein L\u00f6schungsbegehren vor Ende des Gewinnspiels f\u00fchrt zur Beendigung der Teilnahme am Gewinnspiel, wenn das L\u00f6schungsbegehren der weiteren Teilnahme entgegensteht. In diesem Fall ist ein Gewinn nicht mehr m\u00f6glich.<\/p>\n\n\n\n<p>6.4 Erg\u00e4nzend gelten die (allgemeinen) Datenschutzbestimmungen von stellenanzeigen.de, die unter\u202f<a href=\"https:\/\/www.stellenanzeigen.de\/arbeitgeber\/datenschutzerklaerung\/\" target=\"_blank\" rel=\"noreferrer noopener\">https:\/\/www.stellenanzeigen.de\/arbeitgeber\/datenschutzerklaerung\/<\/a> abzurufen sind. Weichen die (allgemeinen) Datenschutzbestimmungen von stellenanzeigen.de von den Teilnahmebedingungen ab, gelten vorrangig diese Teilnahmebedingungen.&nbsp;<\/p>\n\n\n\n<p><strong>7. Sonstige Regelungen<\/strong><\/p>\n\n\n\n<p>7.1 Ein Anspruch auf die Teilnahme oder auf einen Gewinn kann nicht erhoben werden. Der Gewinn ist nicht \u00fcbertragbar.<\/p>\n\n\n\n<p>7.2 Die Teilnahmebedingungen und die gesamte Rechtsbeziehung zwischen den Teilnehmern und stellenanzeigen.de unterliegen ausschlie\u00dflich dem Recht der Bundesrepublik Deutschland unter Ausschluss des UN-Kaufrechts. Durch die Teilnahme am Gewinnspiel akzeptiert der Teilnehmer die vorstehenden Teilnahmebedingungen.&nbsp;<\/p>\n\n\n\n<p>7.3 Sollten einzelne Bestimmungen unwirksam sein oder werden, wird die Wirksamkeit der \u00fcbrigen Bestimmungen hierdurch nicht ber\u00fchrt. An die Stelle einer unwirksamen Bestimmung soll eine Regelung treten, die im Rahmen des rechtlich M\u00f6glichen dem Willen der Parteien am n\u00e4chsten kommt. Gleiches gilt f\u00fcr Vertragsl\u00fccken.&nbsp;<\/p>\n\n\n\n<p>7.4 \u00c4nderungen der Teilnahmebedingungen erfolgen in Textform. Dies gilt auch f\u00fcr die Aufhebung dieses Formerfordernisses selbst.&nbsp;<\/p>\n\n\n\n<p>7.5 Gerichtsstand ist \u2013 soweit zul\u00e4ssig \u2013 M\u00fcnchen.<\/p>\n\n\n\n<p>7.6 Der Rechtsweg ist \u2013 soweit zul\u00e4ssig \u2013 ausgeschlossen.<\/p>\n\n\n\n<p>Stand: Juni&nbsp;2024<\/p>\n\n\n\n<p><a id=\"_msocom_1\"><\/a><\/p>\n\n\n\n<p><a id=\"_msocom_1\"><\/a><\/p>\n\n\n\n<p><a id=\"_msocom_1\"><\/a><\/p>\n","protected":false},"excerpt":{"rendered":"<p>F\u00fcr die Teilnahme an der Kampagne #esgehtumdich (\u201eGewinnspiel\u201c) gelten die folgenden Teilnahmebedingungen: 1. Veranstalter 1.1 Veranstalter des Gewinnspiels ist stellenanzeigen.de GmbH &amp; Co. KG&#8230;<\/p>\n","protected":false},"author":114,"featured_media":0,"parent":0,"menu_order":0,"comment_status":"closed","ping_status":"closed","template":"","meta":{"_uag_custom_page_level_css":""},"categories":[1],"tags":[],"yoast_head":"<!-- This site is optimized with the Yoast SEO plugin v20.7 - https:\/\/yoast.com\/wordpress\/plugins\/seo\/ -->\n<title>Teilnahmebedingungen #esgehtumdich | careeasy - Dein Karrieremagazin<\/title>\n<meta name=\"description\" content=\"Gewinnspiel (Teilnahmebedingungen) *Teilnahme an der Verlosung nur ab 18 Jahren. Von der Teilnahme ausgeschlossen sind Mitarbeiter der stellenanzeigen.de.\" \/>\n<meta name=\"robots\" content=\"index, follow, max-snippet:-1, max-image-preview:large, max-video-preview:-1\" \/>\n<link rel=\"canonical\" href=\"https:\/\/careeasy.prod.tenhil.io\/careeasy\/teilnahmebedingungen-esgehtumdich\/\" \/>\n<meta property=\"og:locale\" content=\"de_DE\" \/>\n<meta property=\"og:type\" content=\"article\" \/>\n<meta property=\"og:title\" content=\"Teilnahmebedingungen #esgehtumdich | careeasy - Dein Karrieremagazin\" \/>\n<meta property=\"og:description\" content=\"Gewinnspiel (Teilnahmebedingungen) *Teilnahme an der Verlosung nur ab 18 Jahren. Von der Teilnahme ausgeschlossen sind Mitarbeiter der stellenanzeigen.de.\" \/>\n<meta property=\"og:url\" content=\"https:\/\/careeasy.prod.tenhil.io\/careeasy\/teilnahmebedingungen-esgehtumdich\/\" \/>\n<meta property=\"og:site_name\" content=\"careeasy - Dein Karrieremagazin\" \/>\n<meta property=\"article:publisher\" content=\"https:\/\/www.facebook.com\/stellenanzeigen.de\/\" \/>\n<meta property=\"article:modified_time\" content=\"2024-05-28T12:44:44+00:00\" \/>\n<meta name=\"twitter:label1\" content=\"Gesch\u00e4tzte Lesezeit\" \/>\n\t<meta name=\"twitter:data1\" content=\"7 Minuten\" \/>\n<script type=\"application\/ld+json\" class=\"yoast-schema-graph\">{\"@context\":\"https:\/\/schema.org\",\"@graph\":[{\"@type\":\"WebPage\",\"@id\":\"https:\/\/careeasy.prod.tenhil.io\/careeasy\/teilnahmebedingungen-esgehtumdich\/\",\"url\":\"https:\/\/careeasy.prod.tenhil.io\/careeasy\/teilnahmebedingungen-esgehtumdich\/\",\"name\":\"Teilnahmebedingungen #esgehtumdich | careeasy - Dein Karrieremagazin\",\"isPartOf\":{\"@id\":\"https:\/\/10.12.78.7\/careeasy\/#website\"},\"datePublished\":\"2024-05-30T22:00:00+00:00\",\"dateModified\":\"2024-05-28T12:44:44+00:00\",\"description\":\"Gewinnspiel (Teilnahmebedingungen) *Teilnahme an der Verlosung nur ab 18 Jahren. Von der Teilnahme ausgeschlossen sind Mitarbeiter der stellenanzeigen.de.\",\"breadcrumb\":{\"@id\":\"https:\/\/careeasy.prod.tenhil.io\/careeasy\/teilnahmebedingungen-esgehtumdich\/#breadcrumb\"},\"inLanguage\":\"de-DE\",\"potentialAction\":[{\"@type\":\"ReadAction\",\"target\":[\"https:\/\/careeasy.prod.tenhil.io\/careeasy\/teilnahmebedingungen-esgehtumdich\/\"]}]},{\"@type\":\"BreadcrumbList\",\"@id\":\"https:\/\/careeasy.prod.tenhil.io\/careeasy\/teilnahmebedingungen-esgehtumdich\/#breadcrumb\",\"itemListElement\":[{\"@type\":\"ListItem\",\"position\":1,\"name\":\"Careeasy\",\"item\":\"https:\/\/10.12.78.7\/careeasy\/\"},{\"@type\":\"ListItem\",\"position\":2,\"name\":\"Teilnahmebedingungen #esgehtumdich\"}]},{\"@type\":\"WebSite\",\"@id\":\"https:\/\/10.12.78.7\/careeasy\/#website\",\"url\":\"https:\/\/10.12.78.7\/careeasy\/\",\"name\":\"careeasy - Dein Karrieremagazin\",\"description\":\"\",\"publisher\":{\"@id\":\"https:\/\/10.12.78.7\/careeasy\/#organization\"},\"potentialAction\":[{\"@type\":\"SearchAction\",\"target\":{\"@type\":\"EntryPoint\",\"urlTemplate\":\"https:\/\/10.12.78.7\/careeasy\/?s={search_term_string}\"},\"query-input\":\"required name=search_term_string\"}],\"inLanguage\":\"de-DE\"},{\"@type\":\"Organization\",\"@id\":\"https:\/\/10.12.78.7\/careeasy\/#organization\",\"name\":\"careeasy - Dein Karrieremagazin\",\"url\":\"https:\/\/10.12.78.7\/careeasy\/\",\"logo\":{\"@type\":\"ImageObject\",\"inLanguage\":\"de-DE\",\"@id\":\"https:\/\/10.12.78.7\/careeasy\/#\/schema\/logo\/image\/\",\"url\":\"https:\/\/careeasy.prod.tenhil.io\/careeasy\/wp-content\/uploads\/2024\/03\/careeasy_logo.jpg\",\"contentUrl\":\"https:\/\/careeasy.prod.tenhil.io\/careeasy\/wp-content\/uploads\/2024\/03\/careeasy_logo.jpg\",\"width\":701,\"height\":223,\"caption\":\"careeasy - Dein Karrieremagazin\"},\"image\":{\"@id\":\"https:\/\/10.12.78.7\/careeasy\/#\/schema\/logo\/image\/\"},\"sameAs\":[\"https:\/\/www.facebook.com\/stellenanzeigen.de\/\"]}]}<\/script>\n<!-- \/ Yoast SEO plugin. -->","yoast_head_json":{"title":"Teilnahmebedingungen #esgehtumdich | careeasy - Dein Karrieremagazin","description":"Gewinnspiel (Teilnahmebedingungen) *Teilnahme an der Verlosung nur ab 18 Jahren. Von der Teilnahme ausgeschlossen sind Mitarbeiter der stellenanzeigen.de.","robots":{"index":"index","follow":"follow","max-snippet":"max-snippet:-1","max-image-preview":"max-image-preview:large","max-video-preview":"max-video-preview:-1"},"canonical":"https:\/\/careeasy.prod.tenhil.io\/careeasy\/teilnahmebedingungen-esgehtumdich\/","og_locale":"de_DE","og_type":"article","og_title":"Teilnahmebedingungen #esgehtumdich | careeasy - Dein Karrieremagazin","og_description":"Gewinnspiel (Teilnahmebedingungen) *Teilnahme an der Verlosung nur ab 18 Jahren. Von der Teilnahme ausgeschlossen sind Mitarbeiter der stellenanzeigen.de.","og_url":"https:\/\/careeasy.prod.tenhil.io\/careeasy\/teilnahmebedingungen-esgehtumdich\/","og_site_name":"careeasy - Dein Karrieremagazin","article_publisher":"https:\/\/www.facebook.com\/stellenanzeigen.de\/","article_modified_time":"2024-05-28T12:44:44+00:00","twitter_misc":{"Gesch\u00e4tzte Lesezeit":"7 Minuten"},"schema":{"@context":"https:\/\/schema.org","@graph":[{"@type":"WebPage","@id":"https:\/\/careeasy.prod.tenhil.io\/careeasy\/teilnahmebedingungen-esgehtumdich\/","url":"https:\/\/careeasy.prod.tenhil.io\/careeasy\/teilnahmebedingungen-esgehtumdich\/","name":"Teilnahmebedingungen #esgehtumdich | careeasy - Dein Karrieremagazin","isPartOf":{"@id":"https:\/\/10.12.78.7\/careeasy\/#website"},"datePublished":"2024-05-30T22:00:00+00:00","dateModified":"2024-05-28T12:44:44+00:00","description":"Gewinnspiel (Teilnahmebedingungen) *Teilnahme an der Verlosung nur ab 18 Jahren. Von der Teilnahme ausgeschlossen sind Mitarbeiter der stellenanzeigen.de.","breadcrumb":{"@id":"https:\/\/careeasy.prod.tenhil.io\/careeasy\/teilnahmebedingungen-esgehtumdich\/#breadcrumb"},"inLanguage":"de-DE","potentialAction":[{"@type":"ReadAction","target":["https:\/\/careeasy.prod.tenhil.io\/careeasy\/teilnahmebedingungen-esgehtumdich\/"]}]},{"@type":"BreadcrumbList","@id":"https:\/\/careeasy.prod.tenhil.io\/careeasy\/teilnahmebedingungen-esgehtumdich\/#breadcrumb","itemListElement":[{"@type":"ListItem","position":1,"name":"Careeasy","item":"https:\/\/10.12.78.7\/careeasy\/"},{"@type":"ListItem","position":2,"name":"Teilnahmebedingungen #esgehtumdich"}]},{"@type":"WebSite","@id":"https:\/\/10.12.78.7\/careeasy\/#website","url":"https:\/\/10.12.78.7\/careeasy\/","name":"careeasy - Dein Karrieremagazin","description":"","publisher":{"@id":"https:\/\/10.12.78.7\/careeasy\/#organization"},"potentialAction":[{"@type":"SearchAction","target":{"@type":"EntryPoint","urlTemplate":"https:\/\/10.12.78.7\/careeasy\/?s={search_term_string}"},"query-input":"required name=search_term_string"}],"inLanguage":"de-DE"},{"@type":"Organization","@id":"https:\/\/10.12.78.7\/careeasy\/#organization","name":"careeasy - Dein Karrieremagazin","url":"https:\/\/10.12.78.7\/careeasy\/","logo":{"@type":"ImageObject","inLanguage":"de-DE","@id":"https:\/\/10.12.78.7\/careeasy\/#\/schema\/logo\/image\/","url":"https:\/\/careeasy.prod.tenhil.io\/careeasy\/wp-content\/uploads\/2024\/03\/careeasy_logo.jpg","contentUrl":"https:\/\/careeasy.prod.tenhil.io\/careeasy\/wp-content\/uploads\/2024\/03\/careeasy_logo.jpg","width":701,"height":223,"caption":"careeasy - Dein Karrieremagazin"},"image":{"@id":"https:\/\/10.12.78.7\/careeasy\/#\/schema\/logo\/image\/"},"sameAs":["https:\/\/www.facebook.com\/stellenanzeigen.de\/"]}]}},"uagb_featured_image_src":{"full":false,"thumbnail":false,"medium":false,"medium_large":false,"large":false,"1536x1536":false,"2048x2048":false,"neomag-medium":false,"neomag-big":false,"neomag-large":false,"neomag-huge":false},"uagb_author_info":{"display_name":"Lisa Adelhardt","author_link":"https:\/\/careeasy.prod.tenhil.io\/careeasy\/author\/lisa-adelhardt\/"},"uagb_comment_info":0,"uagb_excerpt":"F\u00fcr die Teilnahme an der Kampagne #esgehtumdich (\u201eGewinnspiel\u201c) gelten die folgenden Teilnahmebedingungen: 1. Veranstalter 1.1 Veranstalter des Gewinnspiels ist stellenanzeigen.de GmbH &amp; Co. KG...","_links":{"self":[{"href":"https:\/\/careeasy.prod.tenhil.io\/careeasy\/wp-json\/wp\/v2\/pages\/118281"}],"collection":[{"href":"https:\/\/careeasy.prod.tenhil.io\/careeasy\/wp-json\/wp\/v2\/pages"}],"about":[{"href":"https:\/\/careeasy.prod.tenhil.io\/careeasy\/wp-json\/wp\/v2\/types\/page"}],"author":[{"embeddable":true,"href":"https:\/\/careeasy.prod.tenhil.io\/careeasy\/wp-json\/wp\/v2\/users\/114"}],"replies":[{"embeddable":true,"href":"https:\/\/careeasy.prod.tenhil.io\/careeasy\/wp-json\/wp\/v2\/comments?post=118281"}],"version-history":[{"count":2,"href":"https:\/\/careeasy.prod.tenhil.io\/careeasy\/wp-json\/wp\/v2\/pages\/118281\/revisions"}],"predecessor-version":[{"id":118293,"href":"https:\/\/careeasy.prod.tenhil.io\/careeasy\/wp-json\/wp\/v2\/pages\/118281\/revisions\/118293"}],"wp:attachment":[{"href":"https:\/\/careeasy.prod.tenhil.io\/careeasy\/wp-json\/wp\/v2\/media?parent=118281"}],"wp:term":[{"taxonomy":"category","embeddable":true,"href":"https:\/\/careeasy.prod.tenhil.io\/careeasy\/wp-json\/wp\/v2\/categories?post=118281"},{"taxonomy":"post_tag","embeddable":true,"href":"https:\/\/careeasy.prod.tenhil.io\/careeasy\/wp-json\/wp\/v2\/tags?post=118281"}],"curies":[{"name":"wp","href":"https:\/\/api.w.org\/{rel}","templated":true}]}}